{"id":89,"date":"2018-03-04T20:29:01","date_gmt":"2018-03-04T19:29:01","guid":{"rendered":"http:\/\/lowiskokamien.pl\/?page_id=89"},"modified":"2025-07-18T20:05:02","modified_gmt":"2025-07-18T18:05:02","slug":"regulamin","status":"publish","type":"page","link":"https:\/\/lowiskokamien.pl\/?page_id=89","title":{"rendered":"Regulamin"},"content":{"rendered":"<h1 class=\"_2cuy _3dgx _2vxa\" style=\"text-align: center;\"><strong>OBOWI\u0104ZUJE ZASADA <\/strong><\/h1>\n<h1 class=\"_2cuy _3dgx _2vxa\" style=\"text-align: center;\"><strong>&#8222;Z\u0141\u00d3W I WYPU\u015a\u0106&#8221;<\/strong><\/h1>\n<div class=\"_2cuy _3dgx _2vxa\">\n<div class=\"_2cuy _3dgx _2vxa\">\n<div class=\"_2cuy _3dgx _2vxa\">\u00a0<\/div>\n<\/div>\n<\/div>\n<div>\n<div class=\"_2cuy _3dgx _2vxa\">\n<p><strong>&#8222;Z\u0141\u00d3W I WYPU\u015a\u0106&#8221;<\/strong><\/p>\n<ol>\n<li>\u0141owisko czynne <strong>od 28 marca do 07 wrze\u015bnia<\/strong> od poniedzia\u0142ku do niedzieli przez 24 godziny na dob\u0119.<\/li>\n<\/ol>\n<p><strong>STANOWISKA Z DOMKAMI<\/strong> ( 8 stanowisk )<\/p>\n<p>(Nr 6-7, 8-9, 21-22, 23-24, 25-26, 27-28, 29-30, 31-32)<\/p>\n<p>Na stanowiskach z domkami sprzedawane s\u0105 pozwolenia na w\u0119dkowanie na minimum dwie doby:<\/p>\n<ul>\n<li>Od poniedzia\u0142ku od godziny 16.00 do \u015brody do godziny 14.00<\/li>\n<li>Od \u015brody od godziny 16.00 do pi\u0105tku do godziny 14.00<\/li>\n<li>Od pi\u0105tku od godziny 16.00 do niedzieli do godziny 16.00<\/li>\n<\/ul>\n<p>NIE PROWADZI SI\u0118 SPRZEDA\u017bY BILET\u00d3W NA OKRES KR\u00d3TSZY NI\u017b WYMIENIONY POWY\u017bEJ. MO\u017bLIWE NATOMIAST JEST DOKUPIENIE BILETU NA KOLEJNE DWA DNI W\u0118DKOWANIA.<\/p>\n<p><strong>STANOWISKA BEZ DOMK\u00d3W<\/strong> ( 14 stanowisk )<\/p>\n<p>(Nr 5, 10, 11, 12, 13, 14, 17, 18, 19, 20, 36, 37, 38, 39)<\/p>\n<p>Na stanowiskach tych w dni powszednie obowi\u0105zuje wej\u015bci\u00f3wka na minimum jedn\u0105 dob\u0119<\/p>\n<ul>\n<li>Od poniedzia\u0142ku\u00a0 do pi\u0105tku obowi\u0105zuje bilet dobowy od godziny 16.00 do godziny 15.30 (24h)<\/li>\n<li>Od pi\u0105tku od godziny 16.00 do niedzieli do godziny 16.00 na stanowiskach bez domk\u00f3w obowi\u0105zuje wej\u015bci\u00f3wka weekendowa (dwie doby) w tym czasie nie prowadzimy sprzeda\u017cy bilet\u00f3w dziennych, nocnych oraz dobowych.<\/li>\n<\/ul>\n<p><span style=\"color: #ff0000;\"><strong>Na stanowiskach numer\u00a0 17, 18, 19, 20, 36, 37, 38, 39 &#8211; wyrzut tylko do odleg\u0142o\u015bci 20 metr\u00f3w!\u00a0<\/strong><\/span><\/p>\n<ol start=\"2\">\n<li>Od <strong>07 wrze\u015bnia do 23 listopada 2025<\/strong> \u0142owisko czynne tylko w weekendy.<\/li>\n<\/ol>\n<ul>\n<li>Sprzeda\u017c bilet\u00f3w tylko weekendowych (dwie doby)<\/li>\n<\/ul>\n<p>&#8211; stanowisko z domkiem od pi\u0105tku od godziny 14.00 do niedzieli do godziny 16.00.<\/p>\n<p>&#8211; stanowisko bez domku od pi\u0105tku od godziny 14.00 do niedzieli do godziny 16.00.<\/p>\n<ol start=\"3\">\n<li>Po przybyciu na \u0142owisko nale\u017cy dokona\u0107 rejestracji oraz okaza\u0107 dokument to\u017csamo\u015bci u \u201eGospodarza \u0142owiska\u201d.<\/li>\n<li>Wej\u015bcie na \u0142owisko jest dozwolone jedynie za zgod\u0105 \u201eGospodarza \u0142owiska\u201d, po op\u0142aceniu biletu.<\/li>\n<li>Wykupuj\u0105c zezwolenie ( paragon fiskalny ) akceptujemy i zobowi\u0105zujemy si\u0119 przestrzega\u0107 regulaminu \u0142owiska KAMIE\u0143.<\/li>\n<li>Op\u0142ata za w\u0119dkowanie jest uiszczana przed wej\u015bciem na \u0142owisko.<\/li>\n<li>W\u0119dkowa\u0107 wolno na wyznaczonych, numerowanych stanowiskach.<\/li>\n<li>Ewentualna zmiana stanowiska mo\u017cliwa jest wy\u0142\u0105cznie po wcze\u015bniejszym uzgodnieniu z obs\u0142ug\u0105 \u0142owiska.<\/li>\n<li>W obr\u0119bie stanowiska mo\u017cna rozbi\u0107 namiot.<\/li>\n<li>Dzieci mog\u0105 przebywa\u0107 na \u0142owisku tylko i wy\u0142\u0105cznie pod opiek\u0105 osoby doros\u0142ej. Za osob\u0119 niepe\u0142noletni\u0105 oraz jej bezpiecze\u0144stwo odpowiedzialno\u015b\u0107 ponosz\u0105 jej opiekunowie.<\/li>\n<li>Ogniska palimy jedynie w miejscach wyznaczonych przez w\u0142a\u015bciciela.<\/li>\n<li>Korzystanie z ciep\u0142ej wody w \u0142azienkach &#8211; za dodatkow\u0105 op\u0142at\u0105.\u00a0<\/li>\n<li>Po zako\u0144czonym w\u0119dkowaniu nale\u017cy pozostawi\u0107 otoczenie stanowiska w czysto\u015bci.<\/li>\n<li>Wszelkie uwagi, spostrze\u017cenia (np.: martwe ryby), oznaki dewastacji czy kradzie\u017cy nale\u017cy zg\u0142asza\u0107 niezw\u0142ocznie \u201eGospodarzowi \u0142owiska\u201d<\/li>\n<li>W\u0142a\u015bciciel i pracownicy \u0142owiska nie ponosz\u0105 odpowiedzialno\u015bci za sprz\u0119t, rzeczy czy mienie os\u00f3b przebywaj\u0105cych na \u0142owisku oraz wypadki losowe.<\/li>\n<li>Osoby naruszaj\u0105ce regulamin b\u0119d\u0119 wypraszane z \u0142owiska bez prawa do zwrotu wniesionej op\u0142aty.<\/li>\n<li>W\u0142a\u015bciciel \u0142owiska i inne osoby obs\u0142uguj\u0105ce maj\u0105 prawo do:<\/li>\n<\/ol>\n<ul>\n<li>kontroli samochod\u00f3w i baga\u017cy, w przypadku podejrzenia o kradzie\u017c ryb,<\/li>\n<li>wypraszania z terenu \u0142owiska, w przypadku: g\u0142o\u015bnego zachowania, \u015bmiecenia, dewastacji i kradzie\u017cy.<\/li>\n<\/ul>\n<ol start=\"17\">\n<li>Teren \u0142owiska jest monitorowany nasze kamery widz\u0105 w nocy (pasywna podczerwie\u0144).<\/li>\n<li>W\u0142a\u015bciciel zastrzega sobie prawo zamkni\u0119cia \u0142owiska na czas imprez.<\/li>\n<\/ol>\n<p><strong>GATUNKI RYB WYST\u0118PUJ\u0104CYCH W \u0141OWISKU:<\/strong><\/p>\n<p>Karp, karp koi, jesiotr rosyjski, jesiotr syberyjski, amur, lin, kara\u015b srebrzysty, kara\u015b z\u0142oty, leszcz, p\u0142o\u0107, wzdr\u0119ga, ja\u017a, szczupak, sandacz, oko\u0144.<\/p>\n<p><strong>REGULAMIN PO\u0141OWU RYB NA \u0141OWISKU :<\/strong><\/p>\n<ol>\n<li>Na \u0142owisku KAMIE\u0143 obowi\u0105zuje zasada \u201ez\u0142\u00f3w i wypu\u015b\u0107\u201d &#8211; dotyczy wszystkich gatunk\u00f3w ryb.<\/li>\n<li>Na \u0142owisku obowi\u0105zuje bezwzgl\u0119dny zakaz zabijania i zabierania ryb.<\/li>\n<li><strong>Dozwolona metoda w\u0119dkowania \u2013 gruntowa. Dopuszczamy mo\u017cliwo\u015b\u0107 \u0142owienia na feeder i method feeder wy\u0142\u0105cznie mocnymi w\u0119dkami karpiowymi (CW min. 150g)<\/strong><\/li>\n<li>Dozwolony jest po\u0142\u00f3w dwoma w\u0119dkami.<\/li>\n<li>Dopuszczalne jest stosowanie hak\u00f3w z zadziorem.<\/li>\n<li>Minimalna \u015brednica przyponu z \u017cy\u0142ki 0,30mm. Minimalna \u015brednica przyponu z plecionki &#8211; 0,26mm.<\/li>\n<li>U\u017cywamy tylko zestaw\u00f3w bezpiecznych ( po zerwaniu \u017cy\u0142ki mo\u017cliwo\u015b\u0107 swobodnego uwolnienia si\u0119 ci\u0119\u017cark\u00f3w).<\/li>\n<li>Dopuszczamy przypon strza\u0142owy wykonany z grubego fluorocarbonu.<\/li>\n<li>W\u0119dkuj\u0105cy zobowi\u0105zany jest posiada\u0107 elektroniczne sygnalizatory bra\u0144.<\/li>\n<li>W\u0119dkuj\u0105cych obowi\u0105zuje posiadanie \u015brodka do dezynfekcji ran z\u0142owionych ryb.<\/li>\n<li>W\u0119dkuj\u0105cych obowi\u0105zuje posiadanie podbieraka o rozstawie ramion minimum 70cm.<\/li>\n<li>W okresie wiosennym i jesiennym obowi\u0105zek posiadania spodniobut\u00f3w.<\/li>\n<li>Z\u0142owione ryby fotografujemy, z zachowaniem szczeg\u00f3lnej ostro\u017cno\u015bci, nad ko\u0142ysk\u0105 do odhaczania polewaj\u0105c wod\u0105 (nie stoj\u0105c). Z\u0142owion\u0105 ryb\u0119 nale\u017cy natychmiast po sesji zdj\u0119ciowej delikatnie wypu\u015bci\u0107 do wody.<\/li>\n<li>Ko\u0142yski oraz maty do wa\u017cenia ryb s\u0105 na wyposa\u017ceniu \u0142owiska. \u201dGRATIS\u201d<\/li>\n<li>Ryby wa\u017cymy wy\u0142\u0105cznie w mi\u0119kkich, specjalistycznych, dakronowych siatkach.<\/li>\n<li>Noszenie ryb do wypuszczenia tylko w matach do wa\u017cenia.<\/li>\n<li>Niedopuszczalne jest podbieranie jesiotr\u00f3w podbierakiem, u\u017cywamy tylko du\u017cej maty do wa\u017cenia.<\/li>\n<li>Zabrania si\u0119 wyjmowania jesiotr\u00f3w z wody na brzeg.<\/li>\n<li>Obowi\u0105zkowo natleniamy jesiotry przed wypuszczeniem do wody.<\/li>\n<li>Osoby towarzysz\u0105ce ( w tym nieletni ) mog\u0105 w\u0119dkowa\u0107 wy\u0142\u0105cznie na jedn\u0105 z dw\u00f3ch w\u0119dek nale\u017c\u0105cych do osoby, kt\u00f3ra wykupi\u0142a bilet.<\/li>\n<li>Natychmiast nale\u017cy przerwa\u0107 w\u0119dkowanie w uzasadnionym przypadku zagro\u017cenia \u017cycia lub zdrowia, szczeg\u00f3lnie podczas wy\u0142adowa\u0144 atmosferycznych.<\/li>\n<li>Zan\u0119canie \u0142\u00f3dk\u0105 zdalnie sterowan\u0105, rakiet\u0105 zan\u0119tow\u0105 i PVA<\/li>\n<li><strong>W sytuacji ra\u017c\u0105cego post\u0119powania ze z\u0142owion\u0105 ryb\u0105 czego efektem b\u0119dzie jej uszkodzenie lub \u015bni\u0119cie w\u0142a\u015bciciel \u0142owiska ma prawo do na\u0142o\u017cenia kary finansowej w wysoko\u015bci 400z\u0142 za ka\u017cdy kilogram uszkodzonej ryby.<\/strong><\/li>\n<\/ol>\n<p><strong>NA \u0141OWISKU ZABRANIA SI\u0118 :<\/strong><\/p>\n<p>Na \u0142owisku obowi\u0105zuje bezwzgl\u0119dny zakaz zabijania i zabierania ryb!<\/p>\n<ul>\n<li>U\u017cywania plecionki,<\/li>\n<li>U\u017cywania przypon\u00f3w strza\u0142owych z plecionki oraz ledkor\u00f3w (dopuszczamy jedynie przypon z plecionki o d\u0142ugo\u015bci do 25 cm)<\/li>\n<li>Si\u0142owego zacinania i holu ryb.<\/li>\n<li>Przetrzymywania ryb w siatkach lub workach.<\/li>\n<li>Po\u0142owu na martw\u0105 i \u017cyw\u0105 rybk\u0119, w\u0105trob\u0119 itp.<\/li>\n<li>U\u017cywania surowych i \u017ale spreparowanych ziaren oraz zepsutych zan\u0119t.<\/li>\n<li>U\u017cywania plecionki (dopuszczamy jedynie przypon z plecionki o d\u0142ugo\u015bci do 25 cm).<\/li>\n<li>K\u0105pieli w \u0142owisku.<\/li>\n<li>Nadu\u017cywania alkoholu.<\/li>\n<li>Zak\u0142\u00f3cania spokoju innym u\u017cytkownikom \u0142owiska.<\/li>\n<li>Palenia ognisk na stanowisku (dozwolony grill).<\/li>\n<li>Za\u015bmiecania terenu \u0142owiska (pozostawiamy czyste stanowisko).<\/li>\n<li><strong>Chodzenia po skarpach oraz zbierania runa le\u015bnego.<\/strong><\/li>\n<li>Niszczenia wyposa\u017cenia \u0142owiska oraz ro\u015blinno\u015bci.<\/li>\n<li>Parkowania pojazd\u00f3w poza parkingiem.<\/li>\n<li><strong>Za\u0142atwiania potrzeb fizjologicznych poza WC.<\/strong><\/li>\n<li>Mycia naczy\u0144 w zbiorniku wodnym.<\/li>\n<li>Wrzucania odpadk\u00f3w do zbiornika wodnego.<\/li>\n<li>Wyrzucania niedopa\u0142k\u00f3w (kategorycznie!!!).<\/li>\n<li>Wprowadzania ps\u00f3w.<\/li>\n<\/ul>\n<p><strong>REGULAMIN WYNAJMU DOMK\u00d3W<\/strong><\/p>\n<ol>\n<li>Na stanowiskach 6-7, 8-9, 21-22, 23-24, 25- 26, 27- 28, 29-30, 31-32 znajduj\u0105 si\u0119 domki typu \u201dIGLO\u201d<\/li>\n<li>Minimalny czas w\u0119dkowania na stanowiskach z domkami wynosi dwie doby. Nie prowadzimy sprzeda\u017cy bilet\u00f3w dobowych, dziennych i nocnych.<\/li>\n<li>Wyposa\u017cenie domk\u00f3w :<\/li>\n<\/ol>\n<ul>\n<li>Dwa \u0142\u00f3\u017cka z materacem ( higieniczne, antybakteryjne ).<\/li>\n<li>O\u015bwietlenie LED oraz lampki nocne.<\/li>\n<li>Grzejnik elektryczny.<\/li>\n<li>Czajnik elektryczny.<\/li>\n<li>Lod\u00f3wka z zamra\u017calnikiem 90l.<\/li>\n<li>O\u015bwietlenie zewn\u0119trzne.<\/li>\n<li>Dwa fotele na werandzie.<\/li>\n<\/ul>\n<p>( korzystaj\u0105c z domk\u00f3w, nale\u017cy we w\u0142asnym zakresie zaopatrzy\u0107 si\u0119 w \u015bpiw\u00f3r, ko\u0142dr\u0119, koc, poduszk\u0119, po\u015bciel itp. \u0141owisko nie dysponuje w\/w wyposa\u017ceniem).<\/p>\n<ul>\n<li>St\u00f3\u0142 piknikowy.<\/li>\n<li>Ko\u0142yska karpiowa.<\/li>\n<li>Mata do wa\u017cenia.<\/li>\n<\/ul>\n<p><strong>\u0141OWISKO KAMIE\u0143 \u2013 OP\u0141ATY<\/strong><\/p>\n<p><strong>STANOWISKA BEZ DOMKU:<\/strong><\/p>\n<ol>\n<li>W\u0119dkowanie przez dob\u0119 (24h) na stanowisku bez domk\u00f3w \u2013 160 pln<\/li>\n<li>Jedna osoba towarzysz\u0105ca \u2013 50 pln, ka\u017cda kolejna osoba towarzysz\u0105ca &#8211; 60 pln<\/li>\n<li>Dzieci do lat 5 \u2013 bezp\u0142atnie ( przebywaj\u0105 na terenie \u0142owiska wy\u0142\u0105cznie pod opiek\u0105 os\u00f3b doros\u0142ych)<\/li>\n<li>Mo\u017cliwa jest rezerwacja ca\u0142ego \u0142owiska na wy\u0142\u0105czno\u015b\u0107. Cena ustalana jest indywidualnie.<\/li>\n<li>Ceny zawieraj\u0105 podatek VAT.<\/li>\n<\/ol>\n<p><strong>STANOWISKO Z DOMKIEM:<\/strong><\/p>\n<ol>\n<li>Dwie doby na stanowisku z domkiem.<\/li>\n<\/ol>\n<p><strong>1 domek = 2 w\u0119dkarzy = 4 w\u0119dki = 2 stanowiska w\u0119dkarskie = 750 pln<\/strong> (z VAT)<\/p>\n<p>(doliczana jest dodatkowa op\u0142ata za zu\u017cyt\u0105 energi\u0119 elektryczn\u0105).<\/p>\n<p><strong>SPRAWDZENIA DOST\u0118PNO\u015aCI STANOWISK ORAZ REZERWACJI DOKONUJE SI\u0118 POPRZEZ MODU\u0141 REZERWACJI DOST\u0118PNY NA STRONIE WWW.LOWISKOMKAMIEN.PL<\/strong><\/p>\n<p><strong>Przy rezerwacji obowi\u0105zuje 100% przedp\u0142aty na konto:<\/strong><\/p>\n<p><strong>\u0141owisko Specjalne Kamie\u0144<\/strong><\/p>\n<p><strong>Bank PKO S.A. I O. w Siedlcach, nr rachunku 45 1240 2685 1111 0010 8208 5763<\/strong><\/p>\n<p>DO CZASU ROZBUDOWY \u0141OWISKA NIE ORGANIZUJEMY ZAWOD\u00d3W W\u0118DKARSKICH<\/p>\n<\/div>\n<\/div>\n\n\n<p style=\"font-size:18px\"><strong>KLAUZULA INFORMACYJNA RODO:<\/strong><\/p>\n\n\n\n<p>Zgodnie z&nbsp;art. 13 ust. 1 i&nbsp;2 rozporz\u0105dzenia Parlamentu Europejskiego i&nbsp;Rady (UE) 2016\/679 z&nbsp;dnia 27 kwietnia 2016 r. w&nbsp;sprawie ochrony os\u00f3b fizycznych w&nbsp;zwi\u0105zku z&nbsp;przetwarzaniem danych osobowych i&nbsp;w&nbsp;sprawie swobodnego przep\u0142ywu takich danych oraz uchylenia dyrektywy 95\/46\/WE (og\u00f3lne rozporz\u0105dzenie o&nbsp;ochronie danych, dalej: RODO) informujemy, \u017ce:<\/p>\n\n\n\n<p>Administratorem danych osobowych jest \u0141owisko specjalne Kamie\u0144 z&nbsp;siedzib\u0105 przy ul. Le\u015bnej 18 , 08-125 Wola Sucho\u017cebrska.<\/p>\n\n\n\n<p>W sprawach zwi\u0105zanych z&nbsp;ochron\u0105 danych osobowych mo\u017cna kontaktowa\u0107 si\u0119 z&nbsp;administratorem danych, pisz\u0105c na adres e-mail: <a href=\"mailto:trapermarek@gmail.com\">trapermarek@gmail.com<\/a> lub pod tel:<\/p>\n\n\n\n<p><strong>660 163&nbsp;033.<\/strong><\/p>\n\n\n\n<p>Administrator nie wyznaczy\u0142 inspektora danych.<\/p>\n\n\n\n<p>Dane osobowe b\u0119d\u0105 przetwarzane wy\u0142\u0105cznie w&nbsp;celu realizacji umowy handlowej.<\/p>\n\n\n\n<p>Dane osobowe&nbsp; b\u0119d\u0105 przetwarzane do zako\u0144czenia realizacji umowy, a dalej przechowywane w celach ich&nbsp; archiwizacji.<\/p>\n\n\n\n<p>Odbiorcami danych osobowych b\u0119d\u0105 nast\u0119puj\u0105ce podmioty:<\/p>\n\n\n\n<p>\u0141owisko specjalne Kamie\u0144, oraz wy\u0142\u0105cznie podmioty prawne do tego uprawnione na podstawie przepis\u00f3w prawnych.<\/p>\n\n\n\n<p>.<\/p>\n\n\n\n<p>Podanie danych jest dobrowolnym wymogiem wynikaj\u0105cym z zawartej umowy.<\/p>\n\n\n\n<p>W przypadku niepodania danych, umowa nie mo\u017ce by\u0107 zawarta.<\/p>\n\n\n\n<p>Klient \u0142owiska&nbsp; posiada &nbsp;prawo:<\/p>\n\n\n\n<p>&#8211; dost\u0119pu do swoich danych osobowych<\/p>\n\n\n\n<p>&#8211; sprostowania swoich danych osobowych<\/p>\n\n\n\n<p>&#8211; usuni\u0119cia swoich danych osobowych<\/p>\n\n\n\n<p>&#8211; ograniczenia przetwarzania swoich danych osobowych<\/p>\n\n\n\n<p>&#8211; cofni\u0119cia zgody na przetwarzanie danych<\/p>\n\n\n\n<p>&#8211; przenoszenia swoich danych osobowych<\/p>\n\n\n\n<p>&#8211; wniesienia sprzeciwu wobec przetwarzania swoich danych osobowych z&nbsp;przyczyn zwi\u0105zanych szczeg\u00f3ln\u0105 sytuacj\u0105, zgodnie z&nbsp;art. 21 RODO.<\/p>\n\n\n\n<p>Niezale\u017cnie od powy\u017cszego przys\u0142uguje Panu\/Pani uprawnienie do wniesienia skargi do organu nadzorczego, tj. Prezesa Urz\u0119du Ochrony Danych Osobowych (ul. Stawki 2, 00-193 Warszawa), gdy uzna Pan\/Pani, \u017ce przetwarzanie Pana\/Pani danych osobowych narusza przepisy RODO.<\/p>\n\n\n\n<p><\/p>\n\n\n\n<p><\/p>\n\n\n\n<p><\/p>\n\n\n\n<p><\/p>\n\n\n\n<p style=\"font-size:18px\"><strong>KLAUZULA DOTYCZ\u0104CA MONITORINGU WIZYJNEGO.<\/strong><\/p>\n\n\n\n<p>Zgodnie z&nbsp;art. 13 ust. 1 i&nbsp;2 rozporz\u0105dzenia Parlamentu Europejskiego i&nbsp;Rady (UE) 2016\/679 z&nbsp;dnia 27 kwietnia 2016 r. w&nbsp;sprawie ochrony os\u00f3b fizycznych w&nbsp;zwi\u0105zku z&nbsp;przetwarzaniem danych osobowych i&nbsp;w&nbsp;sprawie swobodnego przep\u0142ywu takich danych oraz uchylenia dyrektywy 95\/46\/WE (og\u00f3lne rozporz\u0105dzenie o&nbsp;ochronie danych, dalej: RODO) informujemy, \u017ce:<\/p>\n\n\n\n<p>Administratorem danych osobowych jest \u0141owisko specjalne Kamie\u0144 z&nbsp;siedzib\u0105 przy ul. Le\u015bnej 18 , 08-125 Wola Sucho\u017cebrska.<\/p>\n\n\n\n<p>W sprawach zwi\u0105zanych z&nbsp;ochron\u0105 danych osobowych mo\u017cna kontaktowa\u0107 si\u0119 z&nbsp;administratorem danych, pisz\u0105c na adres e-mail: <a href=\"mailto:trapermarek@gmail.com\">trapermarek@gmail.com<\/a> lub pod tel:<\/p>\n\n\n\n<p><strong>660 163&nbsp;033.<\/strong><\/p>\n\n\n\n<p>Administrator nie wyznaczy\u0142 inspektora danych.<\/p>\n\n\n\n<p>Dane przetwarzane s\u0105 z wykorzystaniem systemu monitoringu wizyjnego sk\u0142adaj\u0105cego si\u0119 z kamer rejestruj\u0105cych zdarzenia na zewn\u0105trz budynk\u00f3w nale\u017c\u0105cych do Administratora oraz, monitor\u00f3w pozwalaj\u0105cych na podgl\u0105d rejestrowanych zdarze\u0144 oraz okablowania i oprogramowania. System monitoringu rejestruje i zapisuje wy\u0142\u0105cznie dane w formie obrazu.<\/p>\n\n\n\n<p>Dane przetwarzane s\u0105 w celu wspomagania kontroli dost\u0119pu i zapewnienia bezpiecze\u0144stwa ludzi i informacji oraz samej siedziby i mienia , a tak\u017ce zapobieganie incydentom zagra\u017caj\u0105cym porz\u0105dkowi publicznemu.<\/p>\n\n\n\n<p>Dane osobowe mog\u0105 zosta\u0107 przekazane przez Administratora do podmiot\u00f3w wspieraj\u0105cych Administratora w wykonywaniu monitoringu wizyjnego oraz organom publicznym w ramach i na podstawie przepis\u00f3w prawa.<\/p>\n\n\n\n<p>Dane osobowe przetwarzane b\u0119d\u0105 przez okres zr\u00f3\u017cnicowany w zale\u017cno\u015bci od miejsca umieszczenia rejestratora , a nast\u0119pnie samoczynnie kasowane.<\/p>\n\n\n\n<p>Osoba, kt\u00f3rej dane dotycz\u0105 ma prawo \u017c\u0105dania dost\u0119pu do dotycz\u0105cych jej danych osobowych oraz , zgodnie z \u00a7 15 RODO, prawo uzyskania kopii danych.<\/p>\n\n\n\n<p>Osoba, kt\u00f3rej dane dotycz\u0105 ma prawo wnie\u015b\u0107 skarg\u0119 do organu nadzorczego , tj. do Prezesa Urz\u0119du Ochrony Danych Osobowych w przypadku uznania, i\u017c przetwarzanie danych osobowych narusza przepisy RODO.<\/p>\n\n\n\n<p><\/p>\n","protected":false},"excerpt":{"rendered":"<p>OBOWI\u0104ZUJE ZASADA &#8222;Z\u0141\u00d3W I WYPU\u015a\u0106&#8221; \u00a0 &#8222;Z\u0141\u00d3W I WYPU\u015a\u0106&#8221; \u0141owisko czynne od 28 marca do 07 wrze\u015bnia od poniedzia\u0142ku do niedzieli przez 24 godziny na dob\u0119. STANOWISKA Z DOMKAMI ( 8 stanowisk ) (Nr 6-7, 8-9, 21-22, 23-24, 25-26, 27-28, 29-30, 31-32) Na stanowiskach z domkami sprzedawane s\u0105 pozwolenia na w\u0119dkowanie na minimum dwie doby: &hellip; <\/p>\n<p class=\"link-more\"><a href=\"https:\/\/lowiskokamien.pl\/?page_id=89\" class=\"more-link\">Czytaj dalej<span class=\"screen-reader-text\"> \u201eRegulamin\u201d<\/span><\/a><\/p>\n","protected":false},"author":1,"featured_media":0,"parent":0,"menu_order":0,"comment_status":"closed","ping_status":"closed","template":"","meta":[],"_links":{"self":[{"href":"https:\/\/lowiskokamien.pl\/index.php?rest_route=\/wp\/v2\/pages\/89"}],"collection":[{"href":"https:\/\/lowiskokamien.pl\/index.php?rest_route=\/wp\/v2\/pages"}],"about":[{"href":"https:\/\/lowiskokamien.pl\/index.php?rest_route=\/wp\/v2\/types\/page"}],"author":[{"embeddable":true,"href":"https:\/\/lowiskokamien.pl\/index.php?rest_route=\/wp\/v2\/users\/1"}],"replies":[{"embeddable":true,"href":"https:\/\/lowiskokamien.pl\/index.php?rest_route=%2Fwp%2Fv2%2Fcomments&post=89"}],"version-history":[{"count":47,"href":"https:\/\/lowiskokamien.pl\/index.php?rest_route=\/wp\/v2\/pages\/89\/revisions"}],"predecessor-version":[{"id":657,"href":"https:\/\/lowiskokamien.pl\/index.php?rest_route=\/wp\/v2\/pages\/89\/revisions\/657"}],"wp:attachment":[{"href":"https:\/\/lowiskokamien.pl\/index.php?rest_route=%2Fwp%2Fv2%2Fmedia&parent=89"}],"curies":[{"name":"wp","href":"https:\/\/api.w.org\/{rel}","templated":true}]}}