{"id":541,"date":"2021-05-17T11:28:25","date_gmt":"2021-05-17T09:28:25","guid":{"rendered":"http:\/\/lowiskokamien.pl\/?page_id=541"},"modified":"2024-12-17T10:35:11","modified_gmt":"2024-12-17T09:35:11","slug":"rezerwacje","status":"publish","type":"page","link":"https:\/\/lowiskokamien.pl\/?page_id=541","title":{"rendered":"Rezerwacje"},"content":{"rendered":"\n<p class=\"has-text-align-center has-normal-font-size\"><\/p>\n\n\n\n<p class=\"has-text-align-center\" style=\"font-size:22px\"><mark style=\"background-color:rgba(0, 0, 0, 0)\" class=\"has-inline-color has-vivid-red-color\"><strong>PROSIMY O SMS NA NUMER <\/strong><\/mark><strong><mark style=\"background-color:rgba(0, 0, 0, 0)\" class=\"has-inline-color has-black-color\">660 163 033<\/mark><\/strong><mark style=\"background-color:rgba(0, 0, 0, 0)\" class=\"has-inline-color has-vivid-red-color\"><strong> POTWIERDZAJ\u0104CY REZERWCJ\u0118<\/strong>,<strong> ZAWIERAJ\u0104CY IMI\u0118<\/strong><\/mark>,<mark style=\"background-color:rgba(0, 0, 0, 0)\" class=\"has-inline-color has-vivid-red-color\"><strong> NAZWISKO, DAT\u0118 REZEWACJI ORAZ NUMER STANOWISKA <\/strong><\/mark>.<\/p>\n\n\n\n<p class=\"has-text-align-center\"><strong><span class=\"has-inline-color has-vivid-red-color\">REZERWACJA JEST OBJ\u0118TA 100% PRZEDP\u0141AT\u0104.<\/span><\/strong><\/p>\n\n\n\n<p class=\"has-text-align-center\"><strong><span class=\"has-inline-color has-vivid-red-color\">PRZY ANULOWANIU REZERWACJI ZWROT KOSZT\u00d3W 100% W TERMINIE DO 7 DNI PRZED PLANOWANYM PRZYJAZDEM<\/span><\/strong><\/p>\n\n\n\n<p class=\"has-text-align-center\" style=\"font-size:22px\"><strong><mark style=\"background-color:rgba(0, 0, 0, 0)\" class=\"has-inline-color has-vivid-green-cyan-color\"><em>UPRZEJMIE PRZYPOMINAMY, \u017bE ROZPOCZ\u0118CIE REZERWACJI W NIEDZIEL\u0118  JEST NIEMO\u017bLIWE !!! ( SYSTEM REZERWACJI NIE BLOKUJE TAKIEJ OPCJI.)<\/em><\/mark><\/strong><\/p>\n\n\n\n<p class=\"has-text-align-center has-vivid-red-color has-text-color has-large-font-size\"><\/p>\n\n\n\n<p><\/p>\n\n\n\n<p class=\"has-text-align-center\" id=\"REZERWACJE\" style=\"font-size:25px\"><strong><span class=\"has-inline-color has-vivid-red-color\">W CELU ZAREZERWOWANIA OBIEKTU W WYBRANYM TERMINIE PROSIMY KLIKN\u0104\u0106 W KALENDARZ PONI\u017bEJ.<\/span><\/strong><\/p>\n\n\n\n<iframe loading=\"lazy\" allowtransparency=\"true\" scrolling=\"no\" src=\"https:\/\/www.e-rezerwacje24.pl\/1\/system-rezerwacji\/cghg48nhc2au\/2920\/smoothness\/\" width=\"310px\" height=\"280px\" frameborder=\"0\"><\/iframe>\n\n\n\n<p><\/p>\n","protected":false},"excerpt":{"rendered":"<p>PROSIMY O SMS NA NUMER 660 163 033 POTWIERDZAJ\u0104CY REZERWCJ\u0118, ZAWIERAJ\u0104CY IMI\u0118, NAZWISKO, DAT\u0118 REZEWACJI ORAZ NUMER STANOWISKA . REZERWACJA JEST OBJ\u0118TA 100% PRZEDP\u0141AT\u0104. PRZY ANULOWANIU REZERWACJI ZWROT KOSZT\u00d3W 100% W TERMINIE DO 7 DNI PRZED PLANOWANYM PRZYJAZDEM UPRZEJMIE PRZYPOMINAMY, \u017bE ROZPOCZ\u0118CIE REZERWACJI W NIEDZIEL\u0118 JEST NIEMO\u017bLIWE !!! ( SYSTEM REZERWACJI NIE BLOKUJE TAKIEJ OPCJI.) &hellip; <\/p>\n<p class=\"link-more\"><a href=\"https:\/\/lowiskokamien.pl\/?page_id=541\" class=\"more-link\">Czytaj dalej<span class=\"screen-reader-text\"> \u201eRezerwacje\u201d<\/span><\/a><\/p>\n","protected":false},"author":1,"featured_media":0,"parent":0,"menu_order":0,"comment_status":"closed","ping_status":"closed","template":"","meta":[],"_links":{"self":[{"href":"https:\/\/lowiskokamien.pl\/index.php?rest_route=\/wp\/v2\/pages\/541"}],"collection":[{"href":"https:\/\/lowiskokamien.pl\/index.php?rest_route=\/wp\/v2\/pages"}],"about":[{"href":"https:\/\/lowiskokamien.pl\/index.php?rest_route=\/wp\/v2\/types\/page"}],"author":[{"embeddable":true,"href":"https:\/\/lowiskokamien.pl\/index.php?rest_route=\/wp\/v2\/users\/1"}],"replies":[{"embeddable":true,"href":"https:\/\/lowiskokamien.pl\/index.php?rest_route=%2Fwp%2Fv2%2Fcomments&post=541"}],"version-history":[{"count":22,"href":"https:\/\/lowiskokamien.pl\/index.php?rest_route=\/wp\/v2\/pages\/541\/revisions"}],"predecessor-version":[{"id":653,"href":"https:\/\/lowiskokamien.pl\/index.php?rest_route=\/wp\/v2\/pages\/541\/revisions\/653"}],"wp:attachment":[{"href":"https:\/\/lowiskokamien.pl\/index.php?rest_route=%2Fwp%2Fv2%2Fmedia&parent=541"}],"curies":[{"name":"wp","href":"https:\/\/api.w.org\/{rel}","templated":true}]}}