{"id":49,"date":"2018-03-04T20:14:24","date_gmt":"2018-03-04T19:14:24","guid":{"rendered":"http:\/\/lowiskokamien.pl\/?page_id=49"},"modified":"2024-11-19T19:07:44","modified_gmt":"2024-11-19T18:07:44","slug":"oplaty","status":"publish","type":"page","link":"https:\/\/lowiskokamien.pl\/?page_id=49","title":{"rendered":"Op\u0142aty"},"content":{"rendered":"<div class=\"_2cuy _3dgx _2vxa\">\n<div class=\"_2cuy _3dgx\" data-block=\"true\" data-editor=\"24n4p\" data-offset-key=\"3f833-0-0\">\n<p><strong>STANOWISKA BEZ DOMKU:<\/strong><\/p>\n<ol>\n<li>W\u0119dkowanie przez dob\u0119 (24h) na stanowisku bez domk\u00f3w \u2013 160 pln<\/li>\n<li>Jedna osoba towarzysz\u0105ca \u2013 50 pln, ka\u017cda kolejna osoba towarzysz\u0105ca &#8211; 60 pln<\/li>\n<li>Dzieci do lat 5 \u2013 bezp\u0142atnie (przebywaj\u0105 na terenie \u0142owiska wy\u0142\u0105cznie pod opiek\u0105 os\u00f3b doros\u0142ych)<\/li>\n<li>Mo\u017cliwa jest rezerwacja ca\u0142ego \u0142owiska na wy\u0142\u0105czno\u015b\u0107. Cena ustalana jest indywidualnie.<\/li>\n<li>Ceny zawieraj\u0105 podatek VAT.<\/li>\n<\/ol>\n<p><strong>STANOWISKO Z DOMKIEM:<\/strong><\/p>\n<ol>\n<li>Dwie doby na stanowisku z domkiem.<\/li>\n<\/ol>\n<p><strong>1 domek = 2 w\u0119dkarzy = 4 w\u0119dki = 2 stanowiska w\u0119dkarskie = 750 pln<\/strong> (z VAT)<\/p>\n<p>(doliczana jest dodatkowa op\u0142ata za zu\u017cyt\u0105 energi\u0119 elektryczn\u0105).<\/p>\n<p style=\"text-align: center;\"><strong>SPRAWDZENIA DOST\u0118PNO\u015aCI STANOWISK ORAZ REZERWACJI DOKONUJE SI\u0118 POPRZEZ MODU\u0141 REZERWACJI DOST\u0118PNY NA STRONIE WWW.LOWISKOMKAMIEN.PL<\/strong><\/p>\n<div class=\"_2cuy _3dgx _2vxa\"><span class=\"_4yxo\">Przy rezerwacji obowi\u0105zuje 100% przedp\u0142aty na konto:<\/span><\/div>\n<div class=\"_2cuy _3dgx _2vxa\"><span class=\"_4yxo\">\u0141owisko Specjalne Kamie\u0144<\/span><\/div>\n<div class=\"_2cuy _3dgx _2vxa\"><span class=\"_4yxo\">Bank PKO S.A. I O. w Siedlcach, nr rachunku 45 1240 2685 1111 0010 8208 5763<\/span><\/div>\n<\/div>\n<\/div>\n<div class=\"_2cuy _3dgx _2vxa\"><\/div>\n","protected":false},"excerpt":{"rendered":"<p>STANOWISKA BEZ DOMKU: W\u0119dkowanie przez dob\u0119 (24h) na stanowisku bez domk\u00f3w \u2013 160 pln Jedna osoba towarzysz\u0105ca \u2013 50 pln, ka\u017cda kolejna osoba towarzysz\u0105ca &#8211; 60 pln Dzieci do lat 5 \u2013 bezp\u0142atnie (przebywaj\u0105 na terenie \u0142owiska wy\u0142\u0105cznie pod opiek\u0105 os\u00f3b doros\u0142ych) Mo\u017cliwa jest rezerwacja ca\u0142ego \u0142owiska na wy\u0142\u0105czno\u015b\u0107. Cena ustalana jest indywidualnie. Ceny zawieraj\u0105 &hellip; <\/p>\n<p class=\"link-more\"><a href=\"https:\/\/lowiskokamien.pl\/?page_id=49\" class=\"more-link\">Czytaj dalej<span class=\"screen-reader-text\"> \u201eOp\u0142aty\u201d<\/span><\/a><\/p>\n","protected":false},"author":1,"featured_media":525,"parent":0,"menu_order":0,"comment_status":"closed","ping_status":"closed","template":"","meta":[],"_links":{"self":[{"href":"https:\/\/lowiskokamien.pl\/index.php?rest_route=\/wp\/v2\/pages\/49"}],"collection":[{"href":"https:\/\/lowiskokamien.pl\/index.php?rest_route=\/wp\/v2\/pages"}],"about":[{"href":"https:\/\/lowiskokamien.pl\/index.php?rest_route=\/wp\/v2\/types\/page"}],"author":[{"embeddable":true,"href":"https:\/\/lowiskokamien.pl\/index.php?rest_route=\/wp\/v2\/users\/1"}],"replies":[{"embeddable":true,"href":"https:\/\/lowiskokamien.pl\/index.php?rest_route=%2Fwp%2Fv2%2Fcomments&post=49"}],"version-history":[{"count":27,"href":"https:\/\/lowiskokamien.pl\/index.php?rest_route=\/wp\/v2\/pages\/49\/revisions"}],"predecessor-version":[{"id":650,"href":"https:\/\/lowiskokamien.pl\/index.php?rest_route=\/wp\/v2\/pages\/49\/revisions\/650"}],"wp:featuredmedia":[{"embeddable":true,"href":"https:\/\/lowiskokamien.pl\/index.php?rest_route=\/wp\/v2\/media\/525"}],"wp:attachment":[{"href":"https:\/\/lowiskokamien.pl\/index.php?rest_route=%2Fwp%2Fv2%2Fmedia&parent=49"}],"curies":[{"name":"wp","href":"https:\/\/api.w.org\/{rel}","templated":true}]}}