{"id":40,"date":"2018-03-04T20:14:24","date_gmt":"2018-03-04T19:14:24","guid":{"rendered":"http:\/\/lowiskokamien.pl\/?page_id=40"},"modified":"2019-04-01T10:24:50","modified_gmt":"2019-04-01T08:24:50","slug":"strona-glowna","status":"publish","type":"page","link":"https:\/\/lowiskokamien.pl\/","title":{"rendered":"\u0141owisko specjalne KAMIE\u0143"},"content":{"rendered":"<h1 style=\"text-align: left;\">Je\u017celi chcesz prze\u017cy\u0107 niezwyk\u0142\u0105, w\u0119dkarsk\u0105 przygod\u0119, wpisz do swojego terminarza \u0142owisko specjalne KAMIE\u0143.<\/h1>\n","protected":false},"excerpt":{"rendered":"<p>Je\u017celi chcesz prze\u017cy\u0107 niezwyk\u0142\u0105, w\u0119dkarsk\u0105 przygod\u0119, wpisz do swojego terminarza \u0142owisko specjalne KAMIE\u0143.<\/p>\n","protected":false},"author":1,"featured_media":462,"parent":0,"menu_order":0,"comment_status":"closed","ping_status":"closed","template":"","meta":[],"_links":{"self":[{"href":"https:\/\/lowiskokamien.pl\/index.php?rest_route=\/wp\/v2\/pages\/40"}],"collection":[{"href":"https:\/\/lowiskokamien.pl\/index.php?rest_route=\/wp\/v2\/pages"}],"about":[{"href":"https:\/\/lowiskokamien.pl\/index.php?rest_route=\/wp\/v2\/types\/page"}],"author":[{"embeddable":true,"href":"https:\/\/lowiskokamien.pl\/index.php?rest_route=\/wp\/v2\/users\/1"}],"replies":[{"embeddable":true,"href":"https:\/\/lowiskokamien.pl\/index.php?rest_route=%2Fwp%2Fv2%2Fcomments&post=40"}],"version-history":[{"count":11,"href":"https:\/\/lowiskokamien.pl\/index.php?rest_route=\/wp\/v2\/pages\/40\/revisions"}],"predecessor-version":[{"id":309,"href":"https:\/\/lowiskokamien.pl\/index.php?rest_route=\/wp\/v2\/pages\/40\/revisions\/309"}],"wp:featuredmedia":[{"embeddable":true,"href":"https:\/\/lowiskokamien.pl\/index.php?rest_route=\/wp\/v2\/media\/462"}],"wp:attachment":[{"href":"https:\/\/lowiskokamien.pl\/index.php?rest_route=%2Fwp%2Fv2%2Fmedia&parent=40"}],"curies":[{"name":"wp","href":"https:\/\/api.w.org\/{rel}","templated":true}]}}